{"id":1479,"date":"2014-06-22T23:23:54","date_gmt":"2014-06-22T21:23:54","guid":{"rendered":"http:\/\/majek.mamy.to\/?page_id=1479"},"modified":"2014-06-22T23:23:54","modified_gmt":"2014-06-22T21:23:54","slug":"lcd88-features","status":"publish","type":"page","link":"https:\/\/majek.sh\/pl\/lcd88-free-rc-transmitter\/lcd88-features\/","title":{"rendered":"(English) LCD88 &#8211; features"},"content":{"rendered":"<p class=\"qtranxs-available-languages-message qtranxs-available-languages-message-pl\">Przepraszamy, ten wpis jest dost\u0119pny tylko w j\u0119zyku <a href=\"https:\/\/majek.sh\/en\/wp-json\/wp\/v2\/pages\/1479\" class=\"qtranxs-available-language-link qtranxs-available-language-link-en\" title=\"English\">Ameryka\u0144ski Angielski<\/a>.<\/p>","protected":false},"excerpt":{"rendered":"<p>Przepraszamy, ten wpis jest dost\u0119pny tylko w j\u0119zyku Ameryka\u0144ski Angielski.<\/p>\n <a class=\"more-link\" href=\"https:\/\/majek.sh\/pl\/lcd88-free-rc-transmitter\/lcd88-features\/\"><span class=\"more-msg\">Czytaj dalej &rarr;<\/span><\/a>","protected":false},"author":1,"featured_media":0,"parent":1434,"menu_order":0,"comment_status":"open","ping_status":"closed","template":"","meta":{"footnotes":""},"_links":{"self":[{"href":"https:\/\/majek.sh\/pl\/wp-json\/wp\/v2\/pages\/1479"}],"collection":[{"href":"https:\/\/majek.sh\/pl\/wp-json\/wp\/v2\/pages"}],"about":[{"href":"https:\/\/majek.sh\/pl\/wp-json\/wp\/v2\/types\/page"}],"author":[{"embeddable":true,"href":"https:\/\/majek.sh\/pl\/wp-json\/wp\/v2\/users\/1"}],"replies":[{"embeddable":true,"href":"https:\/\/majek.sh\/pl\/wp-json\/wp\/v2\/comments?post=1479"}],"version-history":[{"count":2,"href":"https:\/\/majek.sh\/pl\/wp-json\/wp\/v2\/pages\/1479\/revisions"}],"predecessor-version":[{"id":1481,"href":"https:\/\/majek.sh\/pl\/wp-json\/wp\/v2\/pages\/1479\/revisions\/1481"}],"up":[{"embeddable":true,"href":"https:\/\/majek.sh\/pl\/wp-json\/wp\/v2\/pages\/1434"}],"wp:attachment":[{"href":"https:\/\/majek.sh\/pl\/wp-json\/wp\/v2\/media?parent=1479"}],"curies":[{"name":"wp","href":"https:\/\/api.w.org\/{rel}","templated":true}]}}