{"id":1453,"date":"2014-06-22T23:14:05","date_gmt":"2014-06-22T21:14:05","guid":{"rendered":"http:\/\/majek.mamy.to\/?page_id=1453"},"modified":"2014-06-23T21:05:55","modified_gmt":"2014-06-23T19:05:55","slug":"lcd88-hardware","status":"publish","type":"page","link":"https:\/\/majek.sh\/pl\/lcd88-free-rc-transmitter\/lcd88-hardware\/","title":{"rendered":"(English) LCD88 &#8211; hardware"},"content":{"rendered":"<p class=\"qtranxs-available-languages-message qtranxs-available-languages-message-pl\">Przepraszamy, ten wpis jest dost\u0119pny tylko w j\u0119zyku <a href=\"https:\/\/majek.sh\/en\/wp-json\/wp\/v2\/pages\/1453\" class=\"qtranxs-available-language-link qtranxs-available-language-link-en\" title=\"English\">Ameryka\u0144ski Angielski<\/a>.<\/p>","protected":false},"excerpt":{"rendered":"<p>Przepraszamy, ten wpis jest dost\u0119pny tylko w j\u0119zyku Ameryka\u0144ski Angielski.<\/p>\n <a class=\"more-link\" href=\"https:\/\/majek.sh\/pl\/lcd88-free-rc-transmitter\/lcd88-hardware\/\"><span class=\"more-msg\">Czytaj dalej &rarr;<\/span><\/a>","protected":false},"author":1,"featured_media":0,"parent":1434,"menu_order":0,"comment_status":"open","ping_status":"closed","template":"","meta":{"footnotes":""},"_links":{"self":[{"href":"https:\/\/majek.sh\/pl\/wp-json\/wp\/v2\/pages\/1453"}],"collection":[{"href":"https:\/\/majek.sh\/pl\/wp-json\/wp\/v2\/pages"}],"about":[{"href":"https:\/\/majek.sh\/pl\/wp-json\/wp\/v2\/types\/page"}],"author":[{"embeddable":true,"href":"https:\/\/majek.sh\/pl\/wp-json\/wp\/v2\/users\/1"}],"replies":[{"embeddable":true,"href":"https:\/\/majek.sh\/pl\/wp-json\/wp\/v2\/comments?post=1453"}],"version-history":[{"count":19,"href":"https:\/\/majek.sh\/pl\/wp-json\/wp\/v2\/pages\/1453\/revisions"}],"predecessor-version":[{"id":1497,"href":"https:\/\/majek.sh\/pl\/wp-json\/wp\/v2\/pages\/1453\/revisions\/1497"}],"up":[{"embeddable":true,"href":"https:\/\/majek.sh\/pl\/wp-json\/wp\/v2\/pages\/1434"}],"wp:attachment":[{"href":"https:\/\/majek.sh\/pl\/wp-json\/wp\/v2\/media?parent=1453"}],"curies":[{"name":"wp","href":"https:\/\/api.w.org\/{rel}","templated":true}]}}